{"id":11408,"date":"2023-05-25T19:49:26","date_gmt":"2023-05-25T19:49:26","guid":{"rendered":"https:\/\/anspro.dk\/product\/aquasense-smart-6-i-1-vandkvalitetsanalysator-ph-ec-tds-salt-s-g-temperatur\/"},"modified":"2023-05-25T22:31:25","modified_gmt":"2023-05-25T22:31:25","slug":"aquasense-smart-6-i-1-vandkvalitetsanalysator-ph-ec-tds-salt-s-g-temperatur","status":"publish","type":"product","link":"https:\/\/anspro.dk\/da\/vare\/aquasense-smart-6-i-1-vandkvalitetsanalysator-ph-ec-tds-salt-s-g-temperatur\/","title":{"rendered":"AquaSense: Smart 6-i-1 vandkvalitetsanalysator PH\/ EC\/ TDS\/ SALT\/ S.G\/ Temperatur"},"content":{"rendered":"<p><strong>AquaSense: Smart 6-i-1 vandkvalitetsanalysator PH\/ EC\/ TDS\/ SALT\/ S.G\/ Temperatur.<\/strong><\/p>\n<p>Dette er et nemt at bruge instrument til at teste vandkvaliteten i drikkevand, akvarier, hydroponiske systemer, swimmingpools og lignende. Det er multifunktionelt og kan teste PH\/ EC\/ TDS\/ SALT\/ S.G\/ Temperatur. Derudover underst\u00f8tter det APP fjernbetjening, hvilket g\u00f8r det mere bekvemt at overv\u00e5ge vandkvaliteten n\u00e5r som helst og hvor som helst.<\/p>\n<p><strong>Funktioner:<\/strong><\/p>\n<ol>\n<li>6 i 1 Multifunktionel Tester: PH\/ EC\/ TDS\/ SALT\/ S.G\/ Temperatur, tryk kort p\u00e5 &#8220;MODE&#8221; knappen for nem skift. Temperaturenhed kan skiftes: \u2103\/ \u2109.<\/li>\n<li>Den underst\u00f8tter APP fjernbetjening, mere bekvemt at overv\u00e5ge vandkvalitetstesteren n\u00e5r som helst og hvor som helst. Du kan ogs\u00e5 oprette smarte scenarier og indstille alarmv\u00e6rdier i APP&#8217;en.<\/li>\n<li>Digital sk\u00e6rm med baggrundsbelysning forbedrer l\u00e6seoplevelsen betydeligt. Og den underst\u00f8tter automatisk dataopbevaring, gemmer data i 30 dage i APP&#8217;en.<\/li>\n<li>Nem, pr\u00e6cis, hurtig og stabil at bruge. Med et bredt omr\u00e5de: PH sp\u00e6nder fra 0,00 til 14,00, EC sp\u00e6nder fra 0 til 19000 \u03bcs\/cm, TDS sp\u00e6nder fra 0 til 19990 ppm osv.<\/li>\n<li>Vandkvalitetsanalysatoren kan bruges til at skelne mellem drikkevand og ikke-drikkevand og kan teste vandet i akvarier, hydroponiske systemer, swimmingpools, damme, laboratorier osv.<\/li>\n<li>Kompakt og pladsbesparende, med 2 sugekopper og en plastik v\u00e6gbeslag til nem installation. Reng\u00f8r venligst elektroden med destilleret vand og t\u00f8r den godt, inden brug.<\/li>\n<\/ol>\n<p><strong>Bem\u00e6rk:<\/strong> L\u00e6s venligst brugervejledningen omhyggeligt f\u00f8r brug.<\/p>\n<p><strong>Specifikationer: <\/strong><\/p>\n<p>Sp\u00e6nding &amp; Stik: 230-240V UK Stik Farve: Gr\u00e5 Materiale: ABS Omr\u00e5de: PH: 0,00-14,00 PH EC: 0-19000 \u03bcs\/cm, 0-199,0 ms\/cm TDS: 0-19990 ppm, 0-199,0 ppt SALT: 0-199,9 ppt, 0-20% S.G: 0,990-1,400 Temperatur: 0-50\u2103 (32-122\u2109) Opl\u00f8sning: PH: 0,01 PH EC: 1 \u03bcs\/cm (&lt;1000 \u03bcs\/cm), 10 \u03bcs\/cm (&gt;1000 \u03bcs\/cm), 0,1 ms\/cm TDS: 1 ppm (&lt;1000 ppm), 10 ppm (&gt;1000 ppm), 0,1 ppt SALT: 1 ppm (&lt;1000 ppm), 10 ppm (&gt;1000 ppm), 0,1 ppt, 0,01% S.G: 0,001 Temperatur: 0,1\u2103 (0,2\u2109) Temperaturkompensation: 0-50\u2103 APP: Kompatibel med Tuya Smart Valg af sprog i APP: Engelsk, Fransk, Tysk, Russisk, Japansk, Koreansk, Spansk, Kinesisk, Traditionel Kinesisk (Kun underst\u00f8tter kinesisk og engelsk i offline-tilstand) Produktst\u00f8rrelse: 130 * 77 * 26 mm \/ 5,12 * 3,03 * 1,02 tommer Produktv\u00e6gt: 167g \/ 5,89oz Pakkest\u00f8rrelse: 24 * 20 * 5,5 cm \/ 9,45 * 7,87 * 2,17 tommer Pakkev\u00e6gt: 819g \/ 1,80lbs<\/p>\n<p><strong>Pakkeliste: <\/strong>1 * Multifunktionel Vandtester<\/p>\n<p>2 * Sugekop<\/p>\n<p>1 * V\u00e6gbeslag<\/p>\n<p>1 * Adapter<\/p>\n<p>1 * Brugervejledning (Engelsk)<\/p>\n<p>1 * Transporttaske<\/p>\n<p>&nbsp;<\/p>","protected":false},"excerpt":{"rendered":"<p>AquaSense: Smart 6-i-1 vandkvalitetsanalysator PH\/ EC\/ TDS\/ SALT\/ S.G\/ Temperatur. Dette er et nemt at bruge instrument til at teste vandkvaliteten i drikkevand, akvarier, hydroponiske systemer, swimmingpools og lignende. Det er multifunktionelt og kan teste PH\/ EC\/ TDS\/ SALT\/ S.G\/ Temperatur. Derudover underst\u00f8tter det APP fjernbetjening, hvilket g\u00f8r det mere bekvemt at overv\u00e5ge vandkvaliteten n\u00e5r &hellip;<\/p>\n<p class=\"read-more\"> <a class=\"\" href=\"https:\/\/anspro.dk\/da\/vare\/aquasense-smart-6-i-1-vandkvalitetsanalysator-ph-ec-tds-salt-s-g-temperatur\/\"> <span class=\"screen-reader-text\">AquaSense: Smart 6-i-1 vandkvalitetsanalysator PH\/ EC\/ TDS\/ SALT\/ S.G\/ Temperatur<\/span> L\u00e6s mere &raquo;<\/a><\/p>","protected":false},"featured_media":11407,"comment_status":"open","ping_status":"closed","template":"","meta":{"site-sidebar-layout":"default","site-content-layout":"default","ast-global-header-display":"","ast-banner-title-visibility":"","ast-main-header-display":"","ast-hfb-above-header-display":"","ast-hfb-below-header-display":"","ast-hfb-mobile-header-display":"","site-post-title":"","ast-breadcrumbs-content":"","ast-featured-img":"","footer-sml-layout":"","theme-transparent-header-meta":"default","adv-header-id-meta":"","stick-header-meta":"","header-above-stick-meta":"","header-main-stick-meta":"","header-below-stick-meta":""},"product_cat":[337],"product_tag":[],"class_list":["post-11408","product","type-product","status-publish","has-post-thumbnail","hentry","product_cat-water-analysers","desktop-align-center","tablet-align-left","mobile-align-left"],"_links":{"self":[{"href":"https:\/\/anspro.dk\/da\/wp-json\/wp\/v2\/product\/11408","targetHints":{"allow":["GET"]}}],"collection":[{"href":"https:\/\/anspro.dk\/da\/wp-json\/wp\/v2\/product"}],"about":[{"href":"https:\/\/anspro.dk\/da\/wp-json\/wp\/v2\/types\/product"}],"replies":[{"embeddable":true,"href":"https:\/\/anspro.dk\/da\/wp-json\/wp\/v2\/comments?post=11408"}],"wp:featuredmedia":[{"embeddable":true,"href":"https:\/\/anspro.dk\/da\/wp-json\/wp\/v2\/media\/11407"}],"wp:attachment":[{"href":"https:\/\/anspro.dk\/da\/wp-json\/wp\/v2\/media?parent=11408"}],"wp:term":[{"taxonomy":"product_cat","embeddable":true,"href":"https:\/\/anspro.dk\/da\/wp-json\/wp\/v2\/product_cat?post=11408"},{"taxonomy":"product_tag","embeddable":true,"href":"https:\/\/anspro.dk\/da\/wp-json\/wp\/v2\/product_tag?post=11408"}],"curies":[{"name":"wp","href":"https:\/\/api.w.org\/{rel}","templated":true}]}}