{"id":11419,"date":"2023-05-25T19:50:22","date_gmt":"2023-05-25T19:50:22","guid":{"rendered":"https:\/\/anspro.dk\/product\/smartwater-pro-wifi-ph-tds-regulator-og-detektor-ph-ec-tds-temp\/"},"modified":"2023-05-26T04:47:04","modified_gmt":"2023-05-26T04:47:04","slug":"smartwater-pro-wifi-ph-tds-regulator-og-detektor-ph-ec-tds-temp","status":"publish","type":"product","link":"https:\/\/anspro.dk\/da\/vare\/smartwater-pro-wifi-ph-tds-regulator-og-detektor-ph-ec-tds-temp\/","title":{"rendered":"SmartWater Pro: WiFi pH TDS-regulator og -detektor PH\/EC\/TDS\/TEMP"},"content":{"rendered":"<p><strong>TDS PH-W2826 TYPE<\/strong><\/p>\n<p>Denne pH\/temperatur\/TDS 3-i-1-vandkvalitetscontroller har pH&amp;TEMP&amp;TDS-tilskuerdisplay og pH-styring, der samtidig kan m\u00e5le og vise pH\/temperaturv\u00e6rdi og totalopl\u00f8ste stoffer (TDS). Den har en BNC-elektrode (pH) og en udgangsstik. pH-elektroden kan tages af og udskiftes n\u00e5r som helst. Med rel\u00e6udgangsstikket kan du tilslutte dit eget 110V\/220V-udstyr, s\u00e5som luftudgangsstens, iltanl\u00e6g, kuldioxidregulatorer, elektromagnetventiler og andre pH-kontrolenheder. Du skal blot indstille den \u00f8nskede h\u00f8je\/lave pH-v\u00e6rdi i controlleren. Hvis den aktuelt m\u00e5lte pH-v\u00e6rdi er lavere end den indstillede v\u00e6rdi, \u00e5bner den enheden. Hvis den m\u00e5lte v\u00e6rdi er h\u00f8jere end den indstillede v\u00e6rdi, lukker den enheden. Velegnet til akvariepool, jordfri dyrkning, laboratorium og milj\u00f8vand.<\/p>\n<p><strong>Funktioner:<\/strong> WiFi-online pH TDS-controlleren giver dig mulighed for at overv\u00e5ge pH og TDS i realtid via din smartphone p\u00e5 Tuya-appen (gratis), den er kompatibel med iOS og Android-systemet, perfekt til 24-timers online-overv\u00e5gning. Bredt anvendt til at teste pH\/temperatur\/TDS (totalopl\u00f8ste stoffer) i vand. Med rel\u00e6udgangsstik kan du styre pH-v\u00e6rdien i henhold til dine krav. Du kan nemt og hurtigt udskifte sikringen med ekstern erstatning. Aftagelig og udskiftelig pH-elektrode. Med str\u00f8mstik til luftudgangsstens, iltanl\u00e6g, kuldioxidregulatorer, elektromagnetventiler og andre pH-kontrolenheder. Test TDS med b\u00e5de PPT- og PPM-enheder efter \u00f8nske. Let kalibrering af pH\/TDS med blot en mini-skruetr\u00e6kker og automatisk temperaturkompensation. Tydelig LCD-sk\u00e6rm med baggrundsbelysning, 3 resultater vises samtidigt. Nem at bruge og giver \u00f8jeblikkelig visning af resultater. M\u00e5ling af temperatur i \u2103\/\u2109 (omskiftelige enheder) og mulighed for online overv\u00e5gning og styring af pH i lang tid. Anvendes til vandkilder, jordfri dyrkning, akvarium, hydroponik, laboratorium, spa, milj\u00f8vand, swimmingpools, vandrensningssystemer osv. Valg af sprog i appen: Engelsk, fransk, tysk, russisk, japansk, koreansk, spansk, kinesisk, traditionel kinesisk (underst\u00f8tter kun kinesisk og engelsk i offline-tilstand).<\/p>\n<p><strong>Specifikationer:<\/strong> Stiktype: AU\/EU\/US\/UK (valgfrit) Materiale: ABS Str\u00f8mforsyning: AC230, 50Hz (EU)\/AC120V, 60Hz (US) App-navn: Tuya OS-krav: Kompatibel med iOS og Android-systemet<\/p>\n<p>M\u00e5leomr\u00e5de: pH: 0,0014,00 pH TDS: 019990 ppm, 0199,0 ppt Temperatur: 050\u2103 (32122\u2109) Opl\u00f8sning: pH: 0,01 pH TDS: 1 ppm (&lt;1000 ppm), 10 ppm (&gt;1000 ppm), 0,1 ppt Temperatur: 0,1\u2103 (0,2\u2109) N\u00f8jagtighed: pH: \u00b10,1 pH TDS: \u00b12% F.S Temperatur: \u00b11,0\u2103 Indstilling af alarmomr\u00e5de: pH: 0,0014,00 pH TDS: 020000 ppm Temperaturkompensation: 050\u2103 (32122\u2109) Driftstemperatur: 050\u2103 (32~122\u2109) L\u00e6ngde p\u00e5 sensorkabel: 2 m pH\/ORP\/TEMP-controllerst\u00f8rrelse: 160 * 95 * 40 mm (eksklusive elektrodeforbindelse) St\u00f8rrelse p\u00e5 kontrolstik: 130 * 65 * 53 mm (inklusive sikring) V\u00e6gt: 872 g Pakkev\u00e6gt: 1077 g Pakkest\u00f8rrelse: 32 * 20,5 * 7,6 cm<\/p>\n<p><strong>Pakkeliste:<\/strong> 1 * 3-i-1 vandkvalitetstester med TDS-elektrode 1 * pH-elektrode 1 * Temperatur-elektrode 2 * Sugkop 4 * Skrue 4 * Ankerbolt 1 * Brugervejledning (p\u00e5 engelsk)<\/p>\n<p><strong>ORP PH-W2839 TYPE<\/strong><\/p>\n<p>Denne pH\/temperatur\/ORP 3-i-1-vandkvalitetscontroller har pH- og ORP-dualdisplay og dualkontrol, der samtidig kan m\u00e5le og vise pH\/temperaturv\u00e6rdi og oxidation\/reduktionsv\u00e6rdi (ORP). Den har to BNC-elektroder (pH og ORP) og to udgangsstik. Begge elektroder kan tages af og udskiftes n\u00e5r som helst. Med rel\u00e6udgangsstikkene kan du tilslutte dit eget 110V\/220V-udstyr, s\u00e5som luftudgangsstens, ozongeneratorer, iltanl\u00e6g, kuldioxidregulatorer, elektromagnetventiler og andre ORP- og pH-kontrolenheder. Du skal blot indstille den \u00f8nskede h\u00f8je\/lave pH\/oxidations\/reduktionsv\u00e6rdi i controlleren. Hvis den aktuelt m\u00e5lte pH- eller ORP-v\u00e6rdi er lavere end den indstillede v\u00e6rdi, \u00e5bner den enheden. Hvis den m\u00e5lte v\u00e6rdi er h\u00f8jere end den indstillede v\u00e6rdi, lukker den enheden. Velegnet til akvariepool, jordfri dyrkning, laboratorium og milj\u00f8vand.<\/p>","protected":false},"excerpt":{"rendered":"<p>TDS PH-W2826 TYPE Denne pH\/temperatur\/TDS 3-i-1-vandkvalitetscontroller har pH&amp;TEMP&amp;TDS-tilskuerdisplay og pH-styring, der samtidig kan m\u00e5le og vise pH\/temperaturv\u00e6rdi og totalopl\u00f8ste stoffer (TDS). Den har en BNC-elektrode (pH) og en udgangsstik. pH-elektroden kan tages af og udskiftes n\u00e5r som helst. Med rel\u00e6udgangsstikket kan du tilslutte dit eget 110V\/220V-udstyr, s\u00e5som luftudgangsstens, iltanl\u00e6g, kuldioxidregulatorer, elektromagnetventiler og andre pH-kontrolenheder. Du &hellip;<\/p>\n<p class=\"read-more\"> <a class=\"\" href=\"https:\/\/anspro.dk\/da\/vare\/smartwater-pro-wifi-ph-tds-regulator-og-detektor-ph-ec-tds-temp\/\"> <span class=\"screen-reader-text\">SmartWater Pro: WiFi pH TDS-regulator og -detektor PH\/EC\/TDS\/TEMP<\/span> L\u00e6s mere &raquo;<\/a><\/p>","protected":false},"featured_media":11418,"comment_status":"open","ping_status":"closed","template":"","meta":{"site-sidebar-layout":"default","site-content-layout":"default","ast-global-header-display":"","ast-banner-title-visibility":"","ast-main-header-display":"","ast-hfb-above-header-display":"","ast-hfb-below-header-display":"","ast-hfb-mobile-header-display":"","site-post-title":"","ast-breadcrumbs-content":"","ast-featured-img":"","footer-sml-layout":"","theme-transparent-header-meta":"default","adv-header-id-meta":"","stick-header-meta":"","header-above-stick-meta":"","header-main-stick-meta":"","header-below-stick-meta":""},"product_cat":[337],"product_tag":[],"class_list":["post-11419","product","type-product","status-publish","has-post-thumbnail","hentry","product_cat-water-analysers","desktop-align-center","tablet-align-left","mobile-align-left"],"_links":{"self":[{"href":"https:\/\/anspro.dk\/da\/wp-json\/wp\/v2\/product\/11419","targetHints":{"allow":["GET"]}}],"collection":[{"href":"https:\/\/anspro.dk\/da\/wp-json\/wp\/v2\/product"}],"about":[{"href":"https:\/\/anspro.dk\/da\/wp-json\/wp\/v2\/types\/product"}],"replies":[{"embeddable":true,"href":"https:\/\/anspro.dk\/da\/wp-json\/wp\/v2\/comments?post=11419"}],"wp:featuredmedia":[{"embeddable":true,"href":"https:\/\/anspro.dk\/da\/wp-json\/wp\/v2\/media\/11418"}],"wp:attachment":[{"href":"https:\/\/anspro.dk\/da\/wp-json\/wp\/v2\/media?parent=11419"}],"wp:term":[{"taxonomy":"product_cat","embeddable":true,"href":"https:\/\/anspro.dk\/da\/wp-json\/wp\/v2\/product_cat?post=11419"},{"taxonomy":"product_tag","embeddable":true,"href":"https:\/\/anspro.dk\/da\/wp-json\/wp\/v2\/product_tag?post=11419"}],"curies":[{"name":"wp","href":"https:\/\/api.w.org\/{rel}","templated":true}]}}