{"id":11529,"date":"2023-05-25T19:59:00","date_gmt":"2023-05-25T19:59:00","guid":{"rendered":"https:\/\/anspro.dk\/product\/keyguard-pro-vaegmonteret-lasekasse-til-sikker-opbevaring\/"},"modified":"2023-05-25T21:31:46","modified_gmt":"2023-05-25T21:31:46","slug":"keyguard-pro-vaegmonteret-lasekasse-til-sikker-opbevaring","status":"publish","type":"product","link":"https:\/\/anspro.dk\/da\/vare\/keyguard-pro-vaegmonteret-lasekasse-til-sikker-opbevaring\/","title":{"rendered":"KeyGuard Pro: V\u00e6gmonteret l\u00e5sekasse til sikker opbevaring"},"content":{"rendered":"<p><strong>KeyGuard Pro: V\u00e6gmonteret l\u00e5sekasse til sikker opbevaring<\/strong><\/p>\n<p>Vores n\u00f8gleskab til v\u00e6gmontering er designet til at hj\u00e6lpe dig med at opbevare et stort antal n\u00f8gler. N\u00f8gleskabet leveres med 72\/120\/240 kroge og n\u00f8glem\u00e6rker til sikker opbevaring af dine n\u00f8gler. Det er lavet af holdbart Q235-st\u00e5l, som du kan bruge i lang tid. N\u00f8glel\u00e5sen giver dig mulighed for sikkert at f\u00e5 adgang til din boks. Hvis du er en person, der har brug for at opbevare flere n\u00f8gler dagligt, vil vores produkt v\u00e6re et ideelt valg for dig.<\/p>\n<p><strong>Sikker N\u00f8glel\u00e5s<\/strong><\/p>\n<p>72\/120\/240 Stor Kapacitet<\/p>\n<p>Kraftig Konstruktion<\/p>\n<p>Design til V\u00e6gmontering<\/p>\n<p>72\/120\/240 N\u00f8gleopbevaringsboks<\/p>\n<p>Denne n\u00f8gleboksorganizer har en stor kapacitet i forhold til andre produkter. Derudover tilbyder den 72\/120\/240 n\u00f8glekroge, hvilket giver den perfekte l\u00f8sning til praktisk og sikker organisering af alle dine n\u00f8gler.<\/p>\n<p><strong>N\u00f8glel\u00e5s<\/strong><\/p>\n<p>2 adgangsn\u00f8gler medf\u00f8lger n\u00f8gleskabet og giver adgang til n\u00f8gleskabet. Det giver b\u00e5de bekvemmelighed og beskyttelse for dig.<\/p>\n<p><strong>Ekstra Tilbeh\u00f8r<\/strong><\/p>\n<p>Dette n\u00f8gleskab til v\u00e6gmontering leveres med komplet tilbeh\u00f8r til bekvemmelighed. Derudover inkluderer pakken 72\/120\/240 identifikationsm\u00e6rker og 72\/120\/240 h\u00e5ndskrevne n\u00f8glem\u00e6rker til organisering af dine n\u00f8gler.<\/p>\n<p><strong>Holdbart Materiale<\/strong><\/p>\n<p>N\u00f8gleboksen til v\u00e6gmontering er lavet af en solid st\u00e5lplade p\u00e5 0,8 mm. Den har en sandtekstureret, pulverlakeret overflade, der er b\u00e5de vandt\u00e6t og rustfri. Den vil holde i mange \u00e5r fremover.<\/p>\n<p><strong>Let at Montere<\/strong><\/p>\n<p>N\u00f8gleorganizer-boksen leveres ogs\u00e5 med komplet tilbeh\u00f8r, herunder 2 huller p\u00e5 bagsiden, 2 ekspansionsbolte og 2 ekspansionstuber. De simple instruktioner g\u00f8r det ubesv\u00e6ret at installere p\u00e5 v\u00e6ggen.<\/p>\n<p><strong>Bred Anvendelse<\/strong><\/p>\n<p>Denne n\u00f8gleholderboks er perfekt til hjem, kontorer, virksomheder, b\u00e5dforhandlere, udlejningsbilselskaber, banker, hoteller og meget mere.<\/p>\n<p><strong>Specifikationer<\/strong><\/p>\n<p>Materiale: Q235 St\u00e5l<\/p>\n<p>N\u00f8glekapacitet: 72<\/p>\n<p>L\u00e5setype: N\u00f8glel\u00e5s<\/p>\n<p>Farve: Sort<\/p>\n<p>Produktst\u00f8rrelse (L x B x H): 12&#8243; x 9,4&#8243; x 3,5&#8243; \/ 30 x 24 x 9 cm<\/p>\n<p>N\u00f8glem\u00e6rker (L x B x H): 2,4&#8243; x 1&#8243; x 0,8&#8243; \/ 6 x 2,5 x 2 cm<\/p>\n<p>V\u00e6gt: 4,23 lbs \/ 1,92 kg<\/p>\n<p><strong>Pakkeindhold<\/strong><\/p>\n<p>1 x N\u00f8gleskab<\/p>\n<p>2 x Ekspansionsbolte<\/p>\n<p>2 x Ekspansionstubber<\/p>\n<p>1 x Engelsk Brugsanvisning<\/p>\n<p>72 x N\u00f8glem\u00e6rker<\/p>\n<p>72 x Identifikationsm\u00e6rker<\/p>\n<p>72 x N\u00f8glem\u00e6rker<\/p>\n<p><strong>Funktioner og Detaljer<\/strong><\/p>\n<p><strong>Sikker N\u00f8glel\u00e5s:<\/strong> Vores n\u00f8gleskab er designet med en n\u00f8glel\u00e5s og leveres med 2 n\u00f8gler, herunder en reserve-n\u00f8gle, der \u00f8ger sikkerheden ved adgang til dine n\u00f8gler. Det er et nyttigt produkt, der giver praktisk og sikker organisering af dine n\u00f8gler.<\/p>\n<p><strong>72\/120\/240 Stor Kapacitet<\/strong>: N\u00f8gleboksen indeholder 72\/120\/240 n\u00f8glekroge, identifikationsm\u00e6rker og n\u00f8glem\u00e6rker, der holder dine n\u00f8gler godt organiserede. Vi dedikerer os til at producere f\u00f8rsteklasses produkter og yde stor service til dig.<\/p>\n<p><strong>Kraftig Konstruktion<\/strong>: Vores st\u00e5ln\u00f8gleskab er designet til at v\u00e6re rummeligt, veldesignet og praktisk til sikker opbevaring af dine n\u00f8gler. Det er lavet af en 0,8 mm solid st\u00e5lplade, der sikrer langvarig brug, og overfladen er belagt med sandtekstureret plastik, der er rustfri og vandt\u00e6t.<\/p>\n<p><strong>Design til V\u00e6gmontering<\/strong>: N\u00f8gleskabet har 2\/4 forborede huller p\u00e5 bagsiden, hvilket sparer tid og energi for dig. Emballagen inkluderer 2 ekspansionsbolte og 2 ekspansionstubber til nem og stabil installation p\u00e5 v\u00e6ggen.<\/p>\n<p><strong>Multifunktionel<\/strong>: Dette n\u00f8gleorganizerskab er perfekt til forhandlere, ejendomsadministratorer, v\u00e6rksteder, virksomheder der tilbyder valet parkeringsservice eller til dem, der har mange n\u00f8gler og har brug for at holde dem sikre.<\/p>\n<p>Beskyt dine n\u00f8gler og organiser dem sikkert med vores n\u00f8gleskab fra VEVOR, og nyd bekvemmeligheden ved en p\u00e5lidelig n\u00f8glel\u00e5s og en rummelig opbevaringskapacitet.<\/p>","protected":false},"excerpt":{"rendered":"<p>KeyGuard Pro: V\u00e6gmonteret l\u00e5sekasse til sikker opbevaring Vores n\u00f8gleskab til v\u00e6gmontering er designet til at hj\u00e6lpe dig med at opbevare et stort antal n\u00f8gler. N\u00f8gleskabet leveres med 72\/120\/240 kroge og n\u00f8glem\u00e6rker til sikker opbevaring af dine n\u00f8gler. Det er lavet af holdbart Q235-st\u00e5l, som du kan bruge i lang tid. N\u00f8glel\u00e5sen giver dig mulighed for &hellip;<\/p>\n<p class=\"read-more\"> <a class=\"\" href=\"https:\/\/anspro.dk\/da\/vare\/keyguard-pro-vaegmonteret-lasekasse-til-sikker-opbevaring\/\"> <span class=\"screen-reader-text\">KeyGuard Pro: V\u00e6gmonteret l\u00e5sekasse til sikker opbevaring<\/span> L\u00e6s mere &raquo;<\/a><\/p>","protected":false},"featured_media":11528,"comment_status":"open","ping_status":"closed","template":"","meta":{"site-sidebar-layout":"default","site-content-layout":"default","ast-global-header-display":"","ast-banner-title-visibility":"","ast-main-header-display":"","ast-hfb-above-header-display":"","ast-hfb-below-header-display":"","ast-hfb-mobile-header-display":"","site-post-title":"","ast-breadcrumbs-content":"","ast-featured-img":"","footer-sml-layout":"","theme-transparent-header-meta":"default","adv-header-id-meta":"","stick-header-meta":"","header-above-stick-meta":"","header-main-stick-meta":"","header-below-stick-meta":""},"product_cat":[348],"product_tag":[],"class_list":["post-11529","product","type-product","status-publish","has-post-thumbnail","hentry","product_cat-safes","desktop-align-center","tablet-align-left","mobile-align-left"],"_links":{"self":[{"href":"https:\/\/anspro.dk\/da\/wp-json\/wp\/v2\/product\/11529","targetHints":{"allow":["GET"]}}],"collection":[{"href":"https:\/\/anspro.dk\/da\/wp-json\/wp\/v2\/product"}],"about":[{"href":"https:\/\/anspro.dk\/da\/wp-json\/wp\/v2\/types\/product"}],"replies":[{"embeddable":true,"href":"https:\/\/anspro.dk\/da\/wp-json\/wp\/v2\/comments?post=11529"}],"wp:featuredmedia":[{"embeddable":true,"href":"https:\/\/anspro.dk\/da\/wp-json\/wp\/v2\/media\/11528"}],"wp:attachment":[{"href":"https:\/\/anspro.dk\/da\/wp-json\/wp\/v2\/media?parent=11529"}],"wp:term":[{"taxonomy":"product_cat","embeddable":true,"href":"https:\/\/anspro.dk\/da\/wp-json\/wp\/v2\/product_cat?post=11529"},{"taxonomy":"product_tag","embeddable":true,"href":"https:\/\/anspro.dk\/da\/wp-json\/wp\/v2\/product_tag?post=11529"}],"curies":[{"name":"wp","href":"https:\/\/api.w.org\/{rel}","templated":true}]}}