{"id":11539,"date":"2023-05-25T19:59:32","date_gmt":"2023-05-25T19:59:32","guid":{"rendered":"https:\/\/anspro.dk\/product\/vevor-elektronisk-pengeskab-med-dobbeltdor\/"},"modified":"2023-05-25T21:20:57","modified_gmt":"2023-05-25T21:20:57","slug":"vevor-elektronisk-pengeskab-med-dobbeltdor","status":"publish","type":"product","link":"https:\/\/anspro.dk\/da\/vare\/vevor-elektronisk-pengeskab-med-dobbeltdor\/","title":{"rendered":"VEVOR Elektronisk pengeskab med dobbeltd\u00f8r"},"content":{"rendered":"<p><strong>VEVOR Elektronisk pengeskab med dobbeltd\u00f8r<\/strong><\/p>\n<p><em>Solid St\u00e5l &amp; Separat Opbevaringsplads &amp; Elektronisk L\u00e5s<\/em><\/p>\n<p>Den digitale dobbeltd\u00f8rssikkerhedsboks er den bedste sikkerhedsboks til at hj\u00e6lpe dig med at opbevare dine ejendele. Den er bygget med en solid st\u00e5lkonstruktion, der kan holde kontanter, smykker, v\u00e6rdigenstande, dokumenter og andre v\u00e6rdier sikre. Denne digitale dobbeltd\u00f8rssikkerhedsboks er et fremragende valg til bekvemmelige kontorer, hjem, butikker, hoteller osv.<\/p>\n<p>Solid St\u00e5lkonstruktion<\/p>\n<p>To L\u00e5semetoder<\/p>\n<p>Stor Opbevaringskapacitet<\/p>\n<p>Enkel Installation<\/p>\n<p><strong>Bem\u00e6rk<\/strong><\/p>\n<p>Tryk p\u00e5 den r\u00f8de knap for at indstille en ny adgangskode, og tryk derefter p\u00e5 startknappen.<\/p>\n<p>Standardadgangskode: 1234, den f\u00f8rste for brugeren, den anden for administrator.<\/p>\n<p>For flere detaljer, se venligst introduktionsh\u00e6ftet.<\/p>\n<p><strong>Solid Konstruktion<\/strong><\/p>\n<p>Hjemmesikkerhedsboksen er lavet af robust massivt st\u00e5l med bev\u00e6gelige d\u00f8rbolte og skjulte h\u00e6ngsler for \u00f8get sikkerhed.<\/p>\n<p><strong>Digital Adgang &amp; Reserven\u00f8gler<\/strong><\/p>\n<p>Enkel programmerbar elektronisk l\u00e5s og magnetl\u00e5s til automatisk l\u00e5sning. Sikkerhedsboksen kan nemt l\u00e5ses og l\u00e5ses op ved at indtaste sikkerhedskoder.<\/p>\n<p><strong>2-i-1 Stor Kapacitet<\/strong><\/p>\n<p>En 2-i-1 uafh\u00e6ngig sikkerhedsboks med stor kapacitet og et gr\u00e5t t\u00e6ppeindl\u00e6g i bunden for at opbevare dine ejendele bedre.<\/p>\n<p><strong>Let at Montere<\/strong><\/p>\n<p>Installationen er simpel, da der er forborrede huller i sikkerhedsboksen, der kan fastg\u00f8res bedre p\u00e5 gulvet, v\u00e6ggen eller i et skab. Der kr\u00e6ves kun fire bolte til fastg\u00f8relse.<\/p>\n<p><strong>Elektronisk L\u00e5secylinder<\/strong><\/p>\n<p>Med et p\u00e5lideligt elektronisk l\u00e5sesystem forhindrer hjemmesikkerhedsboksen effektivt b\u00f8rn og uautoriserede brugere i at f\u00e5 adgang.<\/p>\n<p><strong>Bred Anvendelse<\/strong><\/p>\n<p>Sikkerhedsboksen til smykker er ideel til opbevaring af relevante dokumenter, smykker, kontanter, v\u00e5ben og andre v\u00e6rdigenstande. Den er velegnet til brug i hjemmet, p\u00e5 hotellet eller p\u00e5 kontoret.<\/p>\n<p><strong>Specifikationer<\/strong><\/p>\n<p>K\u00f8rer p\u00e5 1,5V batterier<\/p>\n<p>Sikkerhedskode med 3-8 cifre ved brug af tal fra 0-9<\/p>\n<p>Timeout-periode efter 4 forkerte kombinationsfors\u00f8g<\/p>\n<p>Udvendige samlede dimensioner: 29 1\/2&#8243; h x 13 1\/2&#8243; b x 13 1\/2&#8243; d<\/p>\n<p>Indvendige dimensioner \u00f8verst: 9 3\/5&#8243; h x 13 1\/2&#8243; b x 11 2\/5&#8243; d (9,6 * 13,5 * 11,4)<\/p>\n<p>Indvendige dimensioner nederst: 19 1\/2&#8243; h x 13 1\/2&#8243; b x 11 2\/5&#8243; d (19,5 * 13,5 * 11,4)<\/p>\n<p>Kapacitet: 2,6 kubikfod (ca. 74 l) (\u00f8verst 0,855 + nederst 1,737)<\/p>\n<p>Bruttov\u00e6gt: 40 lbs \/ 18 kg<\/p>\n<p><strong>Pakkeindhold<\/strong><\/p>\n<p>1 x Sikkerhedsboks<\/p>\n<p>4 x St\u00e5lbolte<\/p>\n<p>2 x Filt<\/p>\n<p>4 x N\u00f8gler<\/p>\n<p>1 x Instruktion<\/p>\n<p><strong>Funktioner og Detaljer<\/strong><\/p>\n<p><strong>Solid St\u00e5lkonstruktion: <\/strong>Vores sikkerhedsboks er konstrueret af tung solid st\u00e5lstruktur, der kan modst\u00e5 p\u00e5virkning fra h\u00e6nder og v\u00e6rkt\u00f8j. De indre og ydre overflader er alle pulverlakerede, og bunden af indersiden er d\u00e6kket af gr\u00e5t t\u00e6ppeindl\u00e6g, inklusive ankerbolte.<\/p>\n<p><strong>To L\u00e5semetoder:<\/strong> Brugeren kan bruge den medf\u00f8lgende n\u00f8gle eller en brugerdefineret numerisk kode, der er programmeret af dig selv. Systemet kan \u00e6ndres ubegr\u00e6nset. Der er en r\u00f8d knap til nulstilling af adgangskoden p\u00e5 bagsiden af d\u00f8ren. Den magnetiske l\u00e5s kan automatisk l\u00e5se sikkerhedsboksen uden n\u00f8gle eller adgangskode.<\/p>\n<p><strong>Stor Opbevaringskapacitet:<\/strong> Sikkerhedsboksen inkluderer to uafh\u00e6ngige safes for at forbedre sikkerheden. Den let anvendelige indsats\u00e5bning i bordet giver dig mulighed for at inds\u00e6tte v\u00e6rdier hurtigt i slutningen af dagen.<\/p>\n<p><strong>Enkel Installation: <\/strong>Der er forborede huller i den digitale sikkerhedsboks, der kan fastg\u00f8res bedre p\u00e5 gulvet, v\u00e6ggen eller i et skab. Fire 1,5V AA-batterier kan levere str\u00f8m til sikkerhedsboksen.<\/p>\n<p><strong>Forskellige Anvendelsesmuligheder: <\/strong>Hjemmesikkerhedsboksen kan sikkert opbevare kontanter, smykker, v\u00e5ben, dokumenter og andre v\u00e6rdigenstande. Denne digitale dobbeltd\u00f8rssikkerhedsboks er et fremragende valg til bekvemme kontorer, hjem, butikker, restauranter.<\/p>\n<p>H\u00e5ber dette opfylder dine behov!<\/p>","protected":false},"excerpt":{"rendered":"<p>VEVOR Elektronisk pengeskab med dobbeltd\u00f8r Solid St\u00e5l &amp; Separat Opbevaringsplads &amp; Elektronisk L\u00e5s Den digitale dobbeltd\u00f8rssikkerhedsboks er den bedste sikkerhedsboks til at hj\u00e6lpe dig med at opbevare dine ejendele. Den er bygget med en solid st\u00e5lkonstruktion, der kan holde kontanter, smykker, v\u00e6rdigenstande, dokumenter og andre v\u00e6rdier sikre. Denne digitale dobbeltd\u00f8rssikkerhedsboks er et fremragende valg til &hellip;<\/p>\n<p class=\"read-more\"> <a class=\"\" href=\"https:\/\/anspro.dk\/da\/vare\/vevor-elektronisk-pengeskab-med-dobbeltdor\/\"> <span class=\"screen-reader-text\">VEVOR Elektronisk pengeskab med dobbeltd\u00f8r<\/span> L\u00e6s mere &raquo;<\/a><\/p>","protected":false},"featured_media":11538,"comment_status":"open","ping_status":"closed","template":"","meta":{"site-sidebar-layout":"default","site-content-layout":"default","ast-global-header-display":"","ast-banner-title-visibility":"","ast-main-header-display":"","ast-hfb-above-header-display":"","ast-hfb-below-header-display":"","ast-hfb-mobile-header-display":"","site-post-title":"","ast-breadcrumbs-content":"","ast-featured-img":"","footer-sml-layout":"","theme-transparent-header-meta":"default","adv-header-id-meta":"","stick-header-meta":"","header-above-stick-meta":"","header-main-stick-meta":"","header-below-stick-meta":""},"product_cat":[348],"product_tag":[],"class_list":["post-11539","product","type-product","status-publish","has-post-thumbnail","hentry","product_cat-safes","desktop-align-center","tablet-align-left","mobile-align-left"],"_links":{"self":[{"href":"https:\/\/anspro.dk\/da\/wp-json\/wp\/v2\/product\/11539","targetHints":{"allow":["GET"]}}],"collection":[{"href":"https:\/\/anspro.dk\/da\/wp-json\/wp\/v2\/product"}],"about":[{"href":"https:\/\/anspro.dk\/da\/wp-json\/wp\/v2\/types\/product"}],"replies":[{"embeddable":true,"href":"https:\/\/anspro.dk\/da\/wp-json\/wp\/v2\/comments?post=11539"}],"wp:featuredmedia":[{"embeddable":true,"href":"https:\/\/anspro.dk\/da\/wp-json\/wp\/v2\/media\/11538"}],"wp:attachment":[{"href":"https:\/\/anspro.dk\/da\/wp-json\/wp\/v2\/media?parent=11539"}],"wp:term":[{"taxonomy":"product_cat","embeddable":true,"href":"https:\/\/anspro.dk\/da\/wp-json\/wp\/v2\/product_cat?post=11539"},{"taxonomy":"product_tag","embeddable":true,"href":"https:\/\/anspro.dk\/da\/wp-json\/wp\/v2\/product_tag?post=11539"}],"curies":[{"name":"wp","href":"https:\/\/api.w.org\/{rel}","templated":true}]}}