{"id":11573,"date":"2023-05-25T20:01:19","date_gmt":"2023-05-25T20:01:19","guid":{"rendered":"https:\/\/anspro.dk\/product\/securetouch-vaerdiboks-med-fingeraftrykslas-til-vaerdigenstande\/"},"modified":"2023-05-25T20:50:10","modified_gmt":"2023-05-25T20:50:10","slug":"securetouch-vaerdiboks-med-fingeraftrykslas-til-vaerdigenstande","status":"publish","type":"product","link":"https:\/\/anspro.dk\/da\/vare\/securetouch-vaerdiboks-med-fingeraftrykslas-til-vaerdigenstande\/","title":{"rendered":"SecureTouch: V\u00e6rdiboks med fingeraftryksl\u00e5s til v\u00e6rdigenstande"},"content":{"rendered":"<p><strong>SecureTouch: V\u00e6rdiboks med fingeraftryksl\u00e5s til v\u00e6rdigenstande<\/strong><\/p>\n<p>&nbsp;<\/p>\n<p>0.8\/1.7\/2.1 Kubikfod Sikkerhedsboks<\/p>\n<p>Denne sikkerhedsboks har en opbevaringskapacitet p\u00e5 0.8\/1.7\/2.1 kubikfod og p\u00e5lidelige l\u00e5sesystemer. Du kan sikkert og hurtigt f\u00e5 adgang til boksen med en n\u00f8gle, fingeraftryk, digital kode eller fingeraftryk og digitalt tastatur. Den har ogs\u00e5 solide st\u00e5lbunde og indvendig t\u00e6ppe for at beskytte alle dine v\u00e6rdigenstande mod ridser eller skader. Den sorte sikkerhedsboks har ogs\u00e5 forborrede monteringshuller i bagenden til montering p\u00e5 v\u00e6ggen og indbyggede h\u00e6ngsler, der er modstandsdygtige over for opbrud for ekstra sikkerhed.<\/p>\n<p><strong>St\u00e6rke sikkerhedstilstande<\/strong><\/p>\n<p>Premium Q235 St\u00e5l<\/p>\n<p>0.8\/1.7\/2.1 Kubikfod Stor Kapacitet<\/p>\n<p>V\u00e6gmonteret Design<\/p>\n<p><strong>Flere metoder til opl\u00e5sning<\/strong><\/p>\n<p>Denne sikkerhedsboks har 4 metoder til opl\u00e5sning. Du kan bruge 2 n\u00f8gler, digital kode, fingeraftryk eller digitalt tastatur og fingeraftryk til at \u00e5bne boksen. Derudover kan denne sikkerhedsboks lagre op til 30 fingeraftryk efter dine behov.<\/p>\n<p><strong>Robust og slidst\u00e6rkt<\/strong><\/p>\n<p>Denne brandh\u00e6mmende sikkerhedsboks er lavet af 1.2 mm Q235 massivt st\u00e5l, som er st\u00f8vafvisende og har en b\u00e6reevne p\u00e5 op til 22\/33\/37 lb for at opbevare mange v\u00e6rdigenstande. T\u00e6ppet giver ogs\u00e5 ekstra beskyttelse til dine ting.<\/p>\n<p><strong>Beskyttelse mod opbrud<\/strong><\/p>\n<p>Sikkerhedsboksen er designet med en 3 mm tyk d\u00f8r, 4 typer l\u00e5se og indbyggede h\u00e6ngsler, der er modstandsdygtige over for opbrud for at holde dine genstande sikre.<\/p>\n<p><strong>0.8\/1.7\/2.1 Kubikfod Kapacitet<\/strong><\/p>\n<p>Volumen af sikkerhedsboksen til hjemmet er 0.8\/1.7\/2.1 kubikfod. Opbevaringspladsen er praktisk til opbevaring af kontanter, kamera, dokumenter, ur, pas, smykker, mobil harddisk osv. \u00c9n sikkerhedsboks kan opfylde alle dine daglige opbevaringsbehov.<\/p>\n<p><strong>Enkel installation<\/strong><\/p>\n<p>Der er to forborrede huller p\u00e5 bagsiden, og der medf\u00f8lger to ekspansionsskruer og r\u00f8r, s\u00e5 sikkerhedsboksen nemt kan monteres p\u00e5 gulvet, hylden eller v\u00e6ggen.<\/p>\n<p><strong>Multifunktionel sikkerhedsboks<\/strong><\/p>\n<p>Sikkerhedsboksene til hjemmet kan skjules i v\u00e6ggen eller andre private rum med de medf\u00f8lgende tilbeh\u00f8r. De bruges bredt til opbevaring af v\u00e5ben, vigtige dokumenter, smykker, kontanter og andre v\u00e6rdigenstande. De er ogs\u00e5 perfekte til hjemmet, hotellet, kontoret, butikken, restauranten osv.<\/p>\n<p><strong>Specifikationer<\/strong><\/p>\n<p>L\u00e5setype: N\u00f8glel\u00e5s\/fingeraftryksl\u00e5s\/digitalt tastatur\/fingeraftryk og digitalt tastatur<\/p>\n<p>Materiale: Q235<\/p>\n<p>Alarm: L\u00e5s og opbrudssikre h\u00e6ngsler<\/p>\n<p>V\u00e6gt: 14.3 lbs \/ 6.5 kg<\/p>\n<p>B\u00e6reevne: 22 lbs \/ 10 kg<\/p>\n<p>Kapacitet: 0.8 Kubikfod<\/p>\n<p>Farve: Sort<\/p>\n<p>Indvendig st\u00f8rrelse: 13.5&#8243; x 9.6&#8243; x 8.3&#8243; \/ 34.5 x 24.5 x 21 cm<\/p>\n<p>Produktm\u00e5l: 14&#8243; x 10&#8243; x 10&#8243; \/ 35 x 25 x 25 cm<\/p>\n<p><strong>Pakkeindhold<\/strong><\/p>\n<p>2 x N\u00f8gler<\/p>\n<p>2 x Ekspansionsskruer<\/p>\n<p>2 x Ekspansionstuber<\/p>\n<p>1 x T\u00e6ppe<\/p>\n<p>1 x Engelsk vejledning<\/p>\n<p><strong>Specifikationer<\/strong><\/p>\n<p>L\u00e5setype: N\u00f8glel\u00e5s\/fingeraftryksl\u00e5s\/digitalt tastatur\/fingeraftryk og digitalt tastatur<\/p>\n<p>Materiale: Q235<\/p>\n<p>Alarm: L\u00e5s og opbrudssikre h\u00e6ngsler<\/p>\n<p>V\u00e6gt: 21 lbs \/ 9.5 kg<\/p>\n<p>B\u00e6reevne: 33 lbs \/ 15 kg<\/p>\n<p>Kapacitet: 1.7 Kubikfod<\/p>\n<p>Farve: Sort<\/p>\n<p>Indvendig st\u00f8rrelse: 13.5&#8243; x 7.9&#8243; x 15.6&#8243; \/ 34.5 x 20 x 39.5 cm<\/p>\n<p>Produktm\u00e5l: 14&#8243; x 12&#8243; x 15.7&#8243; \/ 35 x 30 x 40 cm<\/p>\n<p><strong>Pakkeindhold<\/strong><\/p>\n<p>2 x N\u00f8gler<\/p>\n<p>2 x Ekspansionsskruer<\/p>\n<p>2 x Ekspansionstuber<\/p>\n<p>1 x T\u00e6ppe<\/p>\n<p>1 x Engelsk vejledning<\/p>\n<p>1 x Sikkerhedsboks<\/p>\n<p><strong>Specifikationer<\/strong><\/p>\n<p>L\u00e5setype: N\u00f8glel\u00e5s\/fingeraftryksl\u00e5s\/digitalt tastatur\/fingeraftryk og digitalt tastatur<\/p>\n<p>Materiale: Q235<\/p>\n<p>Alarm: L\u00e5s og opbrudssikre h\u00e6ngsler<\/p>\n<p>V\u00e6gt: 21 lbs \/ 9.5 kg<\/p>\n<p>B\u00e6reevne: 37 lbs \/ 17 kg<\/p>\n<p>Kapacitet: 2.1 Kubikfod<\/p>\n<p>Farve: Sort<\/p>\n<p>Indvendig st\u00f8rrelse: 13.5&#8243; x 7.9&#8243; x 18.3&#8243; \/ 34.5 x 20 x 46.5 cm<\/p>\n<p>Produktm\u00e5l: 14&#8243; x 12&#8243; x 18.5&#8243; \/ 35 x 30 x 47 cm<\/p>\n<p><strong>Pakkeindhold<\/strong><\/p>\n<p>2 x N\u00f8gler<\/p>\n<p>2 x Ekspansionsskruer<\/p>\n<p>2 x Ekspansionstuber<\/p>\n<p>1 x T\u00e6ppe<\/p>\n<p>1 x Engelsk vejledning<\/p>\n<p><strong>Funktioner og detaljer<\/strong><\/p>\n<p><strong>St\u00e6rke sikkerhedstilstande: <\/strong>Sikkerhedsboksen opbevarer dine v\u00e6rdigenstande sikkert og forhindrer b\u00f8rn og uautoriserede brugere i at f\u00e5 adgang med 4 p\u00e5lidelige l\u00e5sesystemer. Du kan indtaste sikkerhedsboksen sikkert og hurtigt med 2 n\u00f8gler, det digitale tastatur, fingeraftryksopl\u00e5sning eller fingeraftryksopl\u00e5sning og digitalt tastatur.<\/p>\n<p><strong>Premium Q235 St\u00e5l:<\/strong> Fremstillet af kraftige 1.2 mm Q235 st\u00e5lbunde, med en 3 mm tyk d\u00f8r, indbyggede h\u00e6ngsler og bl\u00f8dt t\u00e6ppe, er denne pengesikkerhedskasse st\u00f8vafvisende, modstandsdygtig over for opbrud og tyverisikker og giver p\u00e5lidelig beskyttelse til dine v\u00e6rdigenstande. Ingen mekaniske v\u00e6rkt\u00f8jer kan tr\u00e6nge igennem dens robuste konstruktion.<\/p>\n<p><strong>0.8\/1.7\/2.1 Kubikfod Stor Kapacitet:<\/strong> Indvendigt i denne lille sikkerhedsboks er der plads til 0.8\/1.7\/2.1 kubikfod, hvilket er nok til at opbevare v\u00e6rdifulde genstande som pas, smykker, ur, mobil harddisk, kontanter, dokumenter. Du kan trygt bruge den til at opbevare dine v\u00e6rdigenstande og personlige oplysninger. Derudover beskytter det t\u00e6ppede gulv genstande mod skader.<\/p>\n<p><strong>V\u00e6gmonteret Design:<\/strong> Med to forborrede huller og to ekspansionsskruer kan disse sikkerhedsbokse hurtigt og stabilt monteres p\u00e5 v\u00e6ggen, gulvet eller hylden for ekstra sikkerhed og sikrer, at de ikke bliver stj\u00e5let. Den sorte ydre finish giver den et flot udseende, der passer til enhver hjemme- eller kontormilj\u00f8.<\/p>\n<p><strong>Bred anvendelse:<\/strong> Hjemmesikkerhedsboksene anvendes bredt i hjem, hoteller, kontorer og andre private eller erhvervsm\u00e6ssige steder med stabil konstruktion og sikre l\u00e5sesystemer. Du kan nemt skjule dem i private rum som v\u00e6gge, sovev\u00e6relser, skabe og skuffer.<\/p>","protected":false},"excerpt":{"rendered":"<p>SecureTouch: V\u00e6rdiboks med fingeraftryksl\u00e5s til v\u00e6rdigenstande &nbsp; 0.8\/1.7\/2.1 Kubikfod Sikkerhedsboks Denne sikkerhedsboks har en opbevaringskapacitet p\u00e5 0.8\/1.7\/2.1 kubikfod og p\u00e5lidelige l\u00e5sesystemer. Du kan sikkert og hurtigt f\u00e5 adgang til boksen med en n\u00f8gle, fingeraftryk, digital kode eller fingeraftryk og digitalt tastatur. Den har ogs\u00e5 solide st\u00e5lbunde og indvendig t\u00e6ppe for at beskytte alle dine v\u00e6rdigenstande &hellip;<\/p>\n<p class=\"read-more\"> <a class=\"\" href=\"https:\/\/anspro.dk\/da\/vare\/securetouch-vaerdiboks-med-fingeraftrykslas-til-vaerdigenstande\/\"> <span class=\"screen-reader-text\">SecureTouch: V\u00e6rdiboks med fingeraftryksl\u00e5s til v\u00e6rdigenstande<\/span> L\u00e6s mere &raquo;<\/a><\/p>","protected":false},"featured_media":11572,"comment_status":"open","ping_status":"closed","template":"","meta":{"site-sidebar-layout":"default","site-content-layout":"default","ast-global-header-display":"","ast-banner-title-visibility":"","ast-main-header-display":"","ast-hfb-above-header-display":"","ast-hfb-below-header-display":"","ast-hfb-mobile-header-display":"","site-post-title":"","ast-breadcrumbs-content":"","ast-featured-img":"","footer-sml-layout":"","theme-transparent-header-meta":"default","adv-header-id-meta":"","stick-header-meta":"","header-above-stick-meta":"","header-main-stick-meta":"","header-below-stick-meta":""},"product_cat":[348],"product_tag":[],"class_list":["post-11573","product","type-product","status-publish","has-post-thumbnail","hentry","product_cat-safes","desktop-align-center","tablet-align-left","mobile-align-left"],"_links":{"self":[{"href":"https:\/\/anspro.dk\/da\/wp-json\/wp\/v2\/product\/11573","targetHints":{"allow":["GET"]}}],"collection":[{"href":"https:\/\/anspro.dk\/da\/wp-json\/wp\/v2\/product"}],"about":[{"href":"https:\/\/anspro.dk\/da\/wp-json\/wp\/v2\/types\/product"}],"replies":[{"embeddable":true,"href":"https:\/\/anspro.dk\/da\/wp-json\/wp\/v2\/comments?post=11573"}],"wp:featuredmedia":[{"embeddable":true,"href":"https:\/\/anspro.dk\/da\/wp-json\/wp\/v2\/media\/11572"}],"wp:attachment":[{"href":"https:\/\/anspro.dk\/da\/wp-json\/wp\/v2\/media?parent=11573"}],"wp:term":[{"taxonomy":"product_cat","embeddable":true,"href":"https:\/\/anspro.dk\/da\/wp-json\/wp\/v2\/product_cat?post=11573"},{"taxonomy":"product_tag","embeddable":true,"href":"https:\/\/anspro.dk\/da\/wp-json\/wp\/v2\/product_tag?post=11573"}],"curies":[{"name":"wp","href":"https:\/\/api.w.org\/{rel}","templated":true}]}}