{"id":12317,"date":"2023-06-05T17:46:54","date_gmt":"2023-06-05T17:46:54","guid":{"rendered":"https:\/\/anspro.dk\/?post_type=product&#038;p=12317"},"modified":"2023-06-05T19:40:54","modified_gmt":"2023-06-05T19:40:54","slug":"vevor-elektrisk-appelsinsaftmaskine-saftpresser-blender-mixer","status":"publish","type":"product","link":"https:\/\/anspro.dk\/da\/vare\/vevor-elektrisk-appelsinsaftmaskine-saftpresser-blender-mixer\/","title":{"rendered":"VEVOR Elektrisk appelsinsaftmaskine  saftpresser Blender Mixer"},"content":{"rendered":"<p>Kommerciel Appelsinjuicemaskine<\/p>\n<p>Denne appelsinjuicemaskine har et attraktivt design og er lavet af h\u00f8j kvalitet, f\u00f8devaregodkendt rustfrit st\u00e5l og PP-materiale. Den kan effektivt udtr\u00e6kke juice fra appelsiner, citroner, limefrugter osv. til b\u00e5de hjemmebrug og kommerciel brug. Maskinen skr\u00e6ller huden, producerer frisk juice og filtrerer automatisk. Du f\u00e5r l\u00e6kker frisk juice uden tils\u00e6tningsstoffer.<\/p>\n<p>Robust materiale Effektiv behandling Let at reng\u00f8re P\u00e5lidelighed og sikkerhed<\/p>\n<p>Premiumstruktur<\/p>\n<p>Denne kommercielle appelsinjuicemaskine er konstrueret med et kraftigt ydre i rustfrit st\u00e5l af f\u00f8devarekvalitet og et cover af ABS-materiale. Den ridses eller buler ikke let.<\/p>\n<p>Stor appelsinkurv<\/p>\n<p>Appelsinmaskinen er udstyret med en appelsinopbevaringskurv med stor kapacitet, hvilket reducerer antallet af hentninger og forbedrer arbejdseffektiviteten. Velegnet til appelsiner med en diameter p\u00e5 40-80 mm.<\/p>\n<p>Effektiv presning<\/p>\n<p>Afstanden mellem de konkave-konvekse kugler er reduceret med 3-4 mm, og juiceudbyttet er ca. 60-70%, hvilket er en for\u00f8gelse p\u00e5 5% i forhold til tidligere modeller. Den kan presse op til 20 appelsiner i minuttet.<\/p>\n<p>Let at samle<\/p>\n<p>Der er to skr\u00e6lbakker til opsamling af affaldsskr\u00e6ller og rester efter presning, og drypbakken bruges til at holde kopperne til juice. De er alle nemme at samle og adskille samt lette at reng\u00f8re.<\/p>\n<p>Sikkerhedsbeskyttelse<\/p>\n<p>Der er en beskyttelsescover omkring t\u00e6nd\/sluk-knappen, der effektivt er vandt\u00e6t og modvirker l\u00e6kage. Maskinen vil stoppe med at fungere uden PP-materiale-coveret.<\/p>\n<p>Bred anvendelse<\/p>\n<p>Den kommercielle juicemaskine er velegnet til at presse appelsinjuice, citronjuice, limejuice, granat\u00e6blejuice osv., uden tils\u00e6tningsstoffer.<\/p>\n<p>Specifikationer<\/p>\n<p>Effekt: 120W Produktion: 20 appelsiner\/minut Appelsinst\u00f8rrelse: \u03c61,6-3,1 tommer (\u03c640-80 mm) Juiceudbytte: 60-70% Produktv\u00e6gt: 98 lbs (44 kg) Produktm\u00e5l: 20x20x35 tommer (50,8&#215;50,8&#215;88,9 cm)<\/p>\n<p>Pakkeindhold<\/p>\n<p>1 x Appelsinjuicemaskine 2 x Skr\u00e6ddefunktion Installationv\u00e6rkt\u00f8jer<\/p>\n<p>Funktioner og detaljer<\/p>\n<p>\u3010ROBUST MATERIALE\u3011- Den friske appelsinjuicemaskine er lavet af rustfrit st\u00e5l af f\u00f8devarekvalitet og PP-materiale, hvilket g\u00f8r den holdbar og solid. Den kraftfulde 120-watts motor er utroligt modstandsdygtig. Luftventiler hj\u00e6lper med at sprede varmen. \u3010EFFEKTIV BEHANDLING\u3011- En stor opbevaringskurv er monteret \u00f8verst p\u00e5 maskinen til effektiv fodring. Juicemaskinen kan presse op til 20 appelsiner (med en diameter p\u00e5 ca. 40-80 mm). De opgraderede konkave-konvekse kugler hj\u00e6lper med at \u00f8ge juiceudbyttet med 5%, hvilket n\u00e5r 60-70%. \u3010LET AT RENG\u00d8RE\u3011- Den elektriske kommercielle appelsinjuicemaskine anvender to bakker til opsamling af skr\u00e6ller og en aftagelig drypbakke til nem reng\u00f8ring. En hurtig og enkel reng\u00f8ring, der g\u00f8r dit arbejde meget lettere. \u3010P\u00c5LIDELIGHED OG SIKKERHED\u3011- T\u00e6nd\/sluk-knappen er beskyttet af cover, der effektivt modvirker vand- og elektriske l\u00e6kager. Appelsinpresseren starter ikke uden PP-materiale-coveret, s\u00e5 du beh\u00f8ver ikke bekymre dig om ulykker. \u3010BRED ANVENDELSE\u3011- Den kommercielle juicemaskine kan hurtigt presse appelsinjuice, granat\u00e6blejuice, citronjuice osv. Den anvendes bredt i dagligvarebutikker, restauranter, frugtbutikker, kantiner, fitnessklubber, drikkevarebutikker, barer, kontorer og meget mere.<\/p>","protected":false},"excerpt":{"rendered":"<p>Kommerciel Appelsinjuicemaskine Denne appelsinjuicemaskine har et attraktivt design og er lavet af h\u00f8j kvalitet, f\u00f8devaregodkendt rustfrit st\u00e5l og PP-materiale. Den kan effektivt udtr\u00e6kke juice fra appelsiner, citroner, limefrugter osv. til b\u00e5de hjemmebrug og kommerciel brug. Maskinen skr\u00e6ller huden, producerer frisk juice og filtrerer automatisk. Du f\u00e5r l\u00e6kker frisk juice uden tils\u00e6tningsstoffer. Robust materiale Effektiv behandling &hellip;<\/p>\n<p class=\"read-more\"> <a class=\"\" href=\"https:\/\/anspro.dk\/da\/vare\/vevor-elektrisk-appelsinsaftmaskine-saftpresser-blender-mixer\/\"> <span class=\"screen-reader-text\">VEVOR Elektrisk appelsinsaftmaskine  saftpresser Blender Mixer<\/span> L\u00e6s mere &raquo;<\/a><\/p>","protected":false},"featured_media":12316,"comment_status":"open","ping_status":"closed","template":"","meta":{"site-sidebar-layout":"default","site-content-layout":"default","ast-global-header-display":"","ast-banner-title-visibility":"","ast-main-header-display":"","ast-hfb-above-header-display":"","ast-hfb-below-header-display":"","ast-hfb-mobile-header-display":"","site-post-title":"","ast-breadcrumbs-content":"","ast-featured-img":"","footer-sml-layout":"","theme-transparent-header-meta":"default","adv-header-id-meta":"","stick-header-meta":"","header-above-stick-meta":"","header-main-stick-meta":"","header-below-stick-meta":""},"product_cat":[380],"product_tag":[],"class_list":["post-12317","product","type-product","status-publish","has-post-thumbnail","hentry","product_cat-press-machines","desktop-align-center","tablet-align-left","mobile-align-left"],"_links":{"self":[{"href":"https:\/\/anspro.dk\/da\/wp-json\/wp\/v2\/product\/12317","targetHints":{"allow":["GET"]}}],"collection":[{"href":"https:\/\/anspro.dk\/da\/wp-json\/wp\/v2\/product"}],"about":[{"href":"https:\/\/anspro.dk\/da\/wp-json\/wp\/v2\/types\/product"}],"replies":[{"embeddable":true,"href":"https:\/\/anspro.dk\/da\/wp-json\/wp\/v2\/comments?post=12317"}],"wp:featuredmedia":[{"embeddable":true,"href":"https:\/\/anspro.dk\/da\/wp-json\/wp\/v2\/media\/12316"}],"wp:attachment":[{"href":"https:\/\/anspro.dk\/da\/wp-json\/wp\/v2\/media?parent=12317"}],"wp:term":[{"taxonomy":"product_cat","embeddable":true,"href":"https:\/\/anspro.dk\/da\/wp-json\/wp\/v2\/product_cat?post=12317"},{"taxonomy":"product_tag","embeddable":true,"href":"https:\/\/anspro.dk\/da\/wp-json\/wp\/v2\/product_tag?post=12317"}],"curies":[{"name":"wp","href":"https:\/\/api.w.org\/{rel}","templated":true}]}}