{"id":9709,"date":"2023-05-20T17:49:36","date_gmt":"2023-05-20T17:49:36","guid":{"rendered":"https:\/\/anspro.dk\/product\/vevor-elektrisk-madskiveskaerer-og-kvaern\/"},"modified":"2023-05-20T22:59:39","modified_gmt":"2023-05-20T22:59:39","slug":"vevor-elektrisk-madskiveskaerer-og-kvaern","status":"publish","type":"product","link":"https:\/\/anspro.dk\/da\/vare\/vevor-elektrisk-madskiveskaerer-og-kvaern\/","title":{"rendered":"VEVOR Elektrisk madskivesk\u00e6rer og kv\u00e6rn"},"content":{"rendered":"<p>Den semi-automatiske elektriske k\u00f8dslicer er fremstillet af st\u00f8bt aluminium og har en 8 tommer krombelagt st\u00e5lblade med en malet overflade, der er korrosions- og rustbestandig. Den kraftfulde motor giver h\u00f8j effektivitet i produktionen. En regulator g\u00f8r det muligt at justere tykkelsen af skiverne mellem 0-12 mm. Den har en aftagelig design, der g\u00f8r den nem at reng\u00f8re. Denne k\u00f8dslicer er perfekt til sk\u00e6ring af kalkun, delikatesser, br\u00f8d og salater.<\/p>\n<p><strong>M\u00f8d dine kommercielle behov:<\/strong><\/p>\n<ul>\n<li>Denne k\u00f8dslicer er designet til at im\u00f8dekomme de store outputbehov i kommercielle milj\u00f8er. Den har en kraftig motor og kan producere op til 30 skiver k\u00f8d pr. minut.<\/li>\n<\/ul>\n<p><strong>Pr\u00e6cis justerbar tykkelse:<\/strong><\/p>\n<ul>\n<li>K\u00f8dsliceren har en justerbar knap, der giver dig fuld kontrol over skivernes tykkelse. Du kan indstille tykkelsen pr\u00e6cist fra 0 til 12 mm.<\/li>\n<\/ul>\n<p><strong>Holdbar konstruktion:<\/strong><\/p>\n<ul>\n<li>Denne k\u00f8dslicer er lavet af st\u00f8bt aluminium og har en krombelagt st\u00e5lblade. Dette g\u00f8r den rust- og korrosionsbestandig samt sikrer skarpe sk\u00e6r. Den holdbare konstruktion sikrer, at sliceren kan bruges i lang tid.<\/li>\n<\/ul>\n<p><strong>Sikkerhedsfunktioner:<\/strong><\/p>\n<ul>\n<li>K\u00f8dsliceren er designet med flere sikkerhedsfunktioner. Den har en gennemsigtig sikkerhedsbaffle, der beskytter dine h\u00e6nder under brug. Den har ogs\u00e5 skridsikre gummif\u00f8dder for stabilitet, en vandt\u00e6t t\u00e6nd\/sluk-knap og grindsten til at sk\u00e6rpe bladet.<\/li>\n<\/ul>\n<p><strong>Bred anvendelse:<\/strong><\/p>\n<ul>\n<li>Denne slicer kan bruges til at sk\u00e6re forskellige f\u00f8devarer som k\u00f8d, delikatesser, ost, kalkunbryst, br\u00f8d, gr\u00f8ntsager, frugter osv. Den er velegnet til b\u00e5de hjemme- og kommerciel brug, f.eks. i k\u00f8kkener, restauranter, slagterbutikker og kantiner.<\/li>\n<\/ul>\n<p><strong>Specifikationer:<\/strong><\/p>\n<ul>\n<li>Model: JK-220A<\/li>\n<li>Materiale: St\u00f8bt aluminium (krop), krombelagt st\u00e5l (blad)<\/li>\n<li>Bladst\u00f8rrelse: 8 tommer (20,3 cm)<\/li>\n<li>Indgangseffekt: 240W<\/li>\n<li>Udgangseffekt: 120W<\/li>\n<li>Rotationshastighed: 1200RPM<\/li>\n<li>Skivesk\u00e6ring: 30 stk.\/min.<\/li>\n<li>Skivetykkelse: 0-12 mm<\/li>\n<li>Produktm\u00e5l: 48 x 43 x 35 cm<\/li>\n<li>V\u00e6gt: 13 kg<\/li>\n<\/ul>\n<p><strong>Pakkens indhold:<\/strong><\/p>\n<ul>\n<li>1 x K\u00f8dslicer maskine<\/li>\n<li>2 x Grindsten<\/li>\n<li>1 x Motorkilerem<\/li>\n<li>1 x Instruktionsbog<\/li>\n<\/ul>\n<ul>\n<li><\/li>\n<\/ul>","protected":false},"excerpt":{"rendered":"<p>Den semi-automatiske elektriske k\u00f8dslicer er fremstillet af st\u00f8bt aluminium og har en 8 tommer krombelagt st\u00e5lblade med en malet overflade, der er korrosions- og rustbestandig. Den kraftfulde motor giver h\u00f8j effektivitet i produktionen. En regulator g\u00f8r det muligt at justere tykkelsen af skiverne mellem 0-12 mm. Den har en aftagelig design, der g\u00f8r den nem &hellip;<\/p>\n<p class=\"read-more\"> <a class=\"\" href=\"https:\/\/anspro.dk\/da\/vare\/vevor-elektrisk-madskiveskaerer-og-kvaern\/\"> <span class=\"screen-reader-text\">VEVOR Elektrisk madskivesk\u00e6rer og kv\u00e6rn<\/span> L\u00e6s mere &raquo;<\/a><\/p>","protected":false},"featured_media":9708,"comment_status":"open","ping_status":"closed","template":"","meta":{"site-sidebar-layout":"default","site-content-layout":"default","ast-global-header-display":"","ast-banner-title-visibility":"","ast-main-header-display":"","ast-hfb-above-header-display":"","ast-hfb-below-header-display":"","ast-hfb-mobile-header-display":"","site-post-title":"","ast-breadcrumbs-content":"","ast-featured-img":"","footer-sml-layout":"","theme-transparent-header-meta":"default","adv-header-id-meta":"","stick-header-meta":"","header-above-stick-meta":"","header-main-stick-meta":"","header-below-stick-meta":""},"product_cat":[180],"product_tag":[],"class_list":["post-9709","product","type-product","status-publish","has-post-thumbnail","hentry","product_cat-industrial-kitchen","desktop-align-center","tablet-align-left","mobile-align-left"],"_links":{"self":[{"href":"https:\/\/anspro.dk\/da\/wp-json\/wp\/v2\/product\/9709","targetHints":{"allow":["GET"]}}],"collection":[{"href":"https:\/\/anspro.dk\/da\/wp-json\/wp\/v2\/product"}],"about":[{"href":"https:\/\/anspro.dk\/da\/wp-json\/wp\/v2\/types\/product"}],"replies":[{"embeddable":true,"href":"https:\/\/anspro.dk\/da\/wp-json\/wp\/v2\/comments?post=9709"}],"wp:featuredmedia":[{"embeddable":true,"href":"https:\/\/anspro.dk\/da\/wp-json\/wp\/v2\/media\/9708"}],"wp:attachment":[{"href":"https:\/\/anspro.dk\/da\/wp-json\/wp\/v2\/media?parent=9709"}],"wp:term":[{"taxonomy":"product_cat","embeddable":true,"href":"https:\/\/anspro.dk\/da\/wp-json\/wp\/v2\/product_cat?post=9709"},{"taxonomy":"product_tag","embeddable":true,"href":"https:\/\/anspro.dk\/da\/wp-json\/wp\/v2\/product_tag?post=9709"}],"curies":[{"name":"wp","href":"https:\/\/api.w.org\/{rel}","templated":true}]}}