{"id":9738,"date":"2023-05-20T17:50:44","date_gmt":"2023-05-20T17:50:44","guid":{"rendered":"https:\/\/anspro.dk\/product\/vevor-elektrisk-grontsagsskaerer\/"},"modified":"2023-05-20T22:55:55","modified_gmt":"2023-05-20T22:55:55","slug":"vevor-elektrisk-grontsagsskaerer","status":"publish","type":"product","link":"https:\/\/anspro.dk\/da\/vare\/vevor-elektrisk-grontsagsskaerer\/","title":{"rendered":"VEVOR elektrisk gr\u00f8ntsagssk\u00e6rer"},"content":{"rendered":"<p>Denne elektriske kartoffelsk\u00e6rer er perfekt til at lave spr\u00f8de og saftige frugter og gr\u00f8ntsager som kartofler, \u00e6bler, agurker, radiser osv. Den er lavet af holdbart rustfrit st\u00e5l af f\u00f8devarekvalitet og aluminiumslegering, hvilket sikrer langvarig holdbarhed. Den har seks non-slip fodpuder for at sikre stabil brug, og den indbyggede kobbermotor er designet til langvarig brug. Med et enkelt klik kan du styre sk\u00e6rearbejdet og opn\u00e5 h\u00f8j sikkerhed under brug. En switch styrer nemt maskinens fremad- og bagudbev\u00e6gelse, hvilket g\u00f8r den brugervenlig og praktisk. Der medf\u00f8lger 4 udskiftelige klinger i forskellige st\u00f8rrelser (6&#215;6 mm \/ 9&#215;9 mm \/ 13&#215;13 mm) for at im\u00f8dekomme forskellige behov. Der er ogs\u00e5 en ekstra klinge til at sk\u00e6re materialet i otte lige store dele. For at sikre sikker brug er der indbygget en beskyttelsesenhed, der automatisk afbryder str\u00f8mmen, n\u00e5r klingen n\u00e5r den \u00f8nskede position. Maskinen er ogs\u00e5 let at reng\u00f8re, da klingerne og skydeblokkene kan afmonteres og samles nemt. Den alsidige brug g\u00f8r den velegnet til at bearbejde r\u00e5varer til pommes frites og kartoffelchips. Denne elektriske kartoffelsk\u00e6rer er et praktisk og tidsbesparende v\u00e6rkt\u00f8j, der er ideelt til brug p\u00e5 fastfood-restauranter, kantiner og hjem.<\/p>\n<p><strong>Elektrisk Kartoffelsk\u00e6rer<\/strong><\/p>\n<p>Denne kartoffelsk\u00e6rer er elektrisk og automatisk, hvilket betyder, at den ikke kr\u00e6ver nogen menneskelig kraft. Det sparer meget tid og anstrengelse i forberedelsen og minimerer risikoen for skader fra knive. Den er bredt anvendt i fastfood-restauranter, kantiner og hjem til at bearbejde r\u00e5varer til pommes frites og kartoffelchips. Denne maskine er meget praktisk og tidsbesparende.<\/p>\n<p>Holdbart Rustfrit St\u00e5l Let Betjening 4 Klinger Inkluderet Sikkerhedsbeskyttelse<\/p>\n<p><strong>Specifikationer<\/strong><\/p>\n<p>Effekt: 40W Klingest\u00f8rrelse: 6&#215;6 mm \/ 9&#215;9 mm \/ 13&#215;13 mm \/ 8-lige-dele klinge Nettov\u00e6gt: 19,8 lbs (9,0 kg) Produktm\u00e5l: 12,9 x 9,2 x 6,5 tommer (328 x 233 x 165 mm)<\/p>\n<p><strong>Pakkeindhold<\/strong><\/p>\n<p>1 x Elektrisk Kartoffelsk\u00e6rer 4 x Klinger Installationss\u00e6t<\/p>","protected":false},"excerpt":{"rendered":"<p>Denne elektriske kartoffelsk\u00e6rer er perfekt til at lave spr\u00f8de og saftige frugter og gr\u00f8ntsager som kartofler, \u00e6bler, agurker, radiser osv. Den er lavet af holdbart rustfrit st\u00e5l af f\u00f8devarekvalitet og aluminiumslegering, hvilket sikrer langvarig holdbarhed. Den har seks non-slip fodpuder for at sikre stabil brug, og den indbyggede kobbermotor er designet til langvarig brug. Med &hellip;<\/p>\n<p class=\"read-more\"> <a class=\"\" href=\"https:\/\/anspro.dk\/da\/vare\/vevor-elektrisk-grontsagsskaerer\/\"> <span class=\"screen-reader-text\">VEVOR elektrisk gr\u00f8ntsagssk\u00e6rer<\/span> L\u00e6s mere &raquo;<\/a><\/p>","protected":false},"featured_media":9737,"comment_status":"open","ping_status":"closed","template":"","meta":{"site-sidebar-layout":"default","site-content-layout":"default","ast-global-header-display":"","ast-banner-title-visibility":"","ast-main-header-display":"","ast-hfb-above-header-display":"","ast-hfb-below-header-display":"","ast-hfb-mobile-header-display":"","site-post-title":"","ast-breadcrumbs-content":"","ast-featured-img":"","footer-sml-layout":"","theme-transparent-header-meta":"default","adv-header-id-meta":"","stick-header-meta":"","header-above-stick-meta":"","header-main-stick-meta":"","header-below-stick-meta":""},"product_cat":[180],"product_tag":[],"class_list":["post-9738","product","type-product","status-publish","has-post-thumbnail","hentry","product_cat-industrial-kitchen","desktop-align-center","tablet-align-left","mobile-align-left"],"_links":{"self":[{"href":"https:\/\/anspro.dk\/da\/wp-json\/wp\/v2\/product\/9738","targetHints":{"allow":["GET"]}}],"collection":[{"href":"https:\/\/anspro.dk\/da\/wp-json\/wp\/v2\/product"}],"about":[{"href":"https:\/\/anspro.dk\/da\/wp-json\/wp\/v2\/types\/product"}],"replies":[{"embeddable":true,"href":"https:\/\/anspro.dk\/da\/wp-json\/wp\/v2\/comments?post=9738"}],"wp:featuredmedia":[{"embeddable":true,"href":"https:\/\/anspro.dk\/da\/wp-json\/wp\/v2\/media\/9737"}],"wp:attachment":[{"href":"https:\/\/anspro.dk\/da\/wp-json\/wp\/v2\/media?parent=9738"}],"wp:term":[{"taxonomy":"product_cat","embeddable":true,"href":"https:\/\/anspro.dk\/da\/wp-json\/wp\/v2\/product_cat?post=9738"},{"taxonomy":"product_tag","embeddable":true,"href":"https:\/\/anspro.dk\/da\/wp-json\/wp\/v2\/product_tag?post=9738"}],"curies":[{"name":"wp","href":"https:\/\/api.w.org\/{rel}","templated":true}]}}